{"id":138,"date":"2025-07-29T19:40:15","date_gmt":"2025-07-29T17:40:15","guid":{"rendered":"https:\/\/wiercigroch.pl\/blog\/?page_id=138"},"modified":"2025-07-29T20:09:04","modified_gmt":"2025-07-29T18:09:04","slug":"opisy-szczytow-kgp","status":"publish","type":"page","link":"https:\/\/wiercigroch.pl\/blog\/opisy-szczytow-kgp\/","title":{"rendered":"Opisy szczyt\u00f3w KGP"},"content":{"rendered":"\n<p><a href=\"https:\/\/wiercigroch.pl\/blog\/opisy-szczytow-kgp\/czupel-beskid-maly\/\" data-type=\"page\" data-id=\"143\">Czupel Beskid Ma\u0142y<\/a><\/p>\n\n\n\n<p><a href=\"https:\/\/wiercigroch.pl\/blog\/lysica\/\" data-type=\"page\" data-id=\"147\">\u0141ysica G\u00f3ry \u015awi\u0119tokrzyskie<\/a><\/p>\n\n\n\n<p><a href=\"https:\/\/wiercigroch.pl\/blog\/sleza\/\" data-type=\"page\" data-id=\"151\">\u015al\u0119\u017ca Masyw \u015al\u0119\u017cy<\/a><\/p>\n\n\n\n<p><\/p>\n","protected":false},"excerpt":{"rendered":"<p>Czupel Beskid Ma\u0142y \u0141ysica G\u00f3ry \u015awi\u0119tokrzyskie \u015al\u0119\u017ca Masyw \u015al\u0119\u017cy<\/p>\n","protected":false},"author":1,"featured_media":0,"parent":0,"menu_order":0,"comment_status":"closed","ping_status":"closed","template":"","meta":{"footnotes":""},"class_list":["post-138","page","type-page","status-publish","hentry"],"_links":{"self":[{"href":"https:\/\/wiercigroch.pl\/blog\/wp-json\/wp\/v2\/pages\/138","targetHints":{"allow":["GET"]}}],"collection":[{"href":"https:\/\/wiercigroch.pl\/blog\/wp-json\/wp\/v2\/pages"}],"about":[{"href":"https:\/\/wiercigroch.pl\/blog\/wp-json\/wp\/v2\/types\/page"}],"author":[{"embeddable":true,"href":"https:\/\/wiercigroch.pl\/blog\/wp-json\/wp\/v2\/users\/1"}],"replies":[{"embeddable":true,"href":"https:\/\/wiercigroch.pl\/blog\/wp-json\/wp\/v2\/comments?post=138"}],"version-history":[{"count":6,"href":"https:\/\/wiercigroch.pl\/blog\/wp-json\/wp\/v2\/pages\/138\/revisions"}],"predecessor-version":[{"id":153,"href":"https:\/\/wiercigroch.pl\/blog\/wp-json\/wp\/v2\/pages\/138\/revisions\/153"}],"wp:attachment":[{"href":"https:\/\/wiercigroch.pl\/blog\/wp-json\/wp\/v2\/media?parent=138"}],"curies":[{"name":"wp","href":"https:\/\/api.w.org\/{rel}","templated":true}]}}