{"id":143,"date":"2025-07-29T19:51:17","date_gmt":"2025-07-29T17:51:17","guid":{"rendered":"https:\/\/wiercigroch.pl\/blog\/?page_id=143"},"modified":"2025-07-29T19:51:48","modified_gmt":"2025-07-29T17:51:48","slug":"czupel-beskid-maly","status":"publish","type":"page","link":"https:\/\/wiercigroch.pl\/blog\/opisy-szczytow-kgp\/czupel-beskid-maly\/","title":{"rendered":"Czupel &#8211; Beskid Ma\u0142y"},"content":{"rendered":"\n<p>Czupel to najwy\u017cszy szczyt Beskidu Ma\u0142ego, osi\u0105gaj\u0105cy wed\u0142ug najnowszych pomiar\u00f3w 931m n.p.m. (na mapach spotkasz te\u017c warto\u015bci 930\u2013934m). Po\u0142o\u017cony jest w zachodniej cz\u0119\u015bci tego pasma, w Grupie Magurki Wilkowickiej, w pobli\u017cu miejscowo\u015bci Czernich\u00f3w, Mi\u0119dzybrodzie Bialskie, \u0141odygowice i Wilkowice. Jest te\u017c jednym z szczyt\u00f3w Korony G\u00f3r Polski<a><\/a><a href=\"#fn1\"><sup>[1]<\/sup><\/a><a><\/a><a href=\"#fn2\"><sup>[2]<\/sup><\/a><a><\/a><a href=\"#fn3\"><sup>[3]<\/sup><\/a>.<\/p>\n\n\n\n<p><strong>G\u0142\u00f3wne szlaki prowadz\u0105ce na Czupel<\/strong><\/p>\n\n\n\n<p>Mo\u017cliwo\u015bci wej\u015bcia na Czupel jest kilka \u2013 szlaki r\u00f3\u017cni\u0105 si\u0119 d\u0142ugo\u015bci\u0105 i trudno\u015bci\u0105, cho\u0107 \u017caden nie sprawia wi\u0119kszych problem\u00f3w przeci\u0119tnemu tury\u015bcie. Do najpopularniejszych nale\u017c\u0105:<\/p>\n\n\n\n<ul class=\"wp-block-list\">\n<li><strong>Niebieski szlak z Prze\u0142\u0119czy Przegibek przez schronisko na Magurce Wilkowickiej<\/strong>\n<ul class=\"wp-block-list\">\n<li>Najkr\u00f3tsza, rekreacyjna i naj\u0142atwiejsza trasa, od Prze\u0142\u0119czy Przegibek (parking, bar) do schroniska na Magurce (ok. 1h), dalej do Czupla jeszcze 50min. Ca\u0142o\u015b\u0107 zajmuje ok. 1h45\u20132h, do pokonania jest ok. 4,7km i ponad 300m przewy\u017cszenia.<\/li>\n<\/ul>\n<\/li>\n\n\n\n<li><strong>Czerwony szlak z Mi\u0119dzybrodzia Bialskiego<\/strong>\n<ul class=\"wp-block-list\">\n<li>Intensywniejszy wariant, pocz\u0105tkowo czerwony, a potem (od Przegibka) niebieski. Trasa dobrze oznaczona i lubiana przez osoby szukaj\u0105ce wi\u0119kszego wyzwania.<\/li>\n<\/ul>\n<\/li>\n\n\n\n<li><strong>Niebieski szlak z Czernichowa<\/strong>\n<ul class=\"wp-block-list\">\n<li>Uznawany za najciekawszy pod wzgl\u0119dem krajobrazowym. Szlak prowadzi p\u0119tl\u0105 ok. 4km przez miejsca widokowe. Opcja nieco trudniejsza ni\u017c szlak z Przegibka.<\/li>\n<\/ul>\n<\/li>\n\n\n\n<li><strong>Szlaki z Wilkowic i \u0141odygowic<\/strong><ul><li>Z Wilkowic: czarny szlak do Magurki Wilkowickiej, potem niebieskim na Czupel.<\/li><\/ul><ul><li>Z \u0141odygowic: czerwony szlak na Magurk\u0119, potem niebieskim na Czupel.<\/li><\/ul>\n<ul class=\"wp-block-list\">\n<li>Z Bielska-Bia\u0142ej r\u00f3wnie\u017c mo\u017cna doj\u015b\u0107 przez Magurk\u0119 Wilkowick\u0105.<\/li>\n<\/ul>\n<\/li>\n<\/ul>\n\n\n\n<p>Jaki jest Czupel?<\/p>\n\n\n\n<ul class=\"wp-block-list\">\n<li><strong>Czupel poro\u015bni\u0119ty jest lasem regla dolnego<\/strong>, z dominacj\u0105 buka oraz \u015bwierka, ale ostatnie wiatro\u0142omy i wycinka stworzy\u0142y wok\u00f3\u0142 wierzcho\u0142ka polan\u0119 widokow\u0105.<\/li>\n\n\n\n<li><strong>Sam szczyt jest s\u0142abo widokowy<\/strong> \u2013 wi\u0119kszo\u015b\u0107 roku ograniczaj\u0105 go drzewa; w sezonie bezlistnym mo\u017cna trafi\u0107 na prze\u015bwity widokowe na Beskid \u015al\u0105ski, \u017bywiecki, Jezioro Mi\u0119dzybrodzkie, Jezioro Czanieckie, G\u00f3r\u0119 \u017bar i inne okoliczne wzniesienia.<\/li>\n\n\n\n<li>Na wierzcho\u0142ku znajduje si\u0119 <strong>drewniana tabliczka z nazw\u0105, \u0142awki i stolik do odpoczynku oraz kopczyki kamieni<\/strong> zbierane przez turyst\u00f3w. Jest tu te\u017c piecz\u0105tka dla zdobywc\u00f3w Korony G\u00f3r Polski.<\/li>\n\n\n\n<li><strong>Czupel jest zwornikiem grzbiet\u00f3w g\u00f3rskich<\/strong> \u2013 odchodzi od niego kilka wyra\u017anych ramion Beskidu Ma\u0142ego, a w pobli\u017cu le\u017cy prze\u0142\u0119cz Wysokie Siod\u0142o i szczyt Rogacz (899m).<\/li>\n<\/ul>\n\n\n\n<p><strong>Podsumowanie:<\/strong><br>Czupel to dost\u0119pny przez ca\u0142y rok, spokojny szczyt z przyjemnymi, urozmaiconymi szlakami. Wej\u015bcie od strony Przegibka nadaje si\u0119 dla rodzin i pocz\u0105tkuj\u0105cych, inne trasy zapewni\u0105 wi\u0119cej wysi\u0142ku i troch\u0119 g\u00f3rskich panoram. To dobry punkt wycieczkowy zar\u00f3wno na jednodniow\u0105 w\u0119dr\u00f3wk\u0119, jak i etap d\u0142u\u017cszej eksploracji Beskidu Ma\u0142ego.<\/p>\n","protected":false},"excerpt":{"rendered":"<p>Czupel to najwy\u017cszy szczyt Beskidu Ma\u0142ego, osi\u0105gaj\u0105cy wed\u0142ug najnowszych pomiar\u00f3w 931m n.p.m. (na mapach spotkasz te\u017c warto\u015bci 930\u2013934m). Po\u0142o\u017cony jest w zachodniej cz\u0119\u015bci tego pasma, w Grupie Magurki Wilkowickiej, w pobli\u017cu miejscowo\u015bci Czernich\u00f3w, Mi\u0119dzybrodzie Bialskie, \u0141odygowice i Wilkowice. Jest te\u017c jednym z szczyt\u00f3w Korony G\u00f3r Polski[1][2][3]. G\u0142\u00f3wne szlaki prowadz\u0105ce na Czupel Mo\u017cliwo\u015bci wej\u015bcia na Czupel [&hellip;]<\/p>\n","protected":false},"author":1,"featured_media":0,"parent":138,"menu_order":0,"comment_status":"closed","ping_status":"closed","template":"","meta":{"footnotes":""},"class_list":["post-143","page","type-page","status-publish","hentry"],"_links":{"self":[{"href":"https:\/\/wiercigroch.pl\/blog\/wp-json\/wp\/v2\/pages\/143","targetHints":{"allow":["GET"]}}],"collection":[{"href":"https:\/\/wiercigroch.pl\/blog\/wp-json\/wp\/v2\/pages"}],"about":[{"href":"https:\/\/wiercigroch.pl\/blog\/wp-json\/wp\/v2\/types\/page"}],"author":[{"embeddable":true,"href":"https:\/\/wiercigroch.pl\/blog\/wp-json\/wp\/v2\/users\/1"}],"replies":[{"embeddable":true,"href":"https:\/\/wiercigroch.pl\/blog\/wp-json\/wp\/v2\/comments?post=143"}],"version-history":[{"count":1,"href":"https:\/\/wiercigroch.pl\/blog\/wp-json\/wp\/v2\/pages\/143\/revisions"}],"predecessor-version":[{"id":144,"href":"https:\/\/wiercigroch.pl\/blog\/wp-json\/wp\/v2\/pages\/143\/revisions\/144"}],"up":[{"embeddable":true,"href":"https:\/\/wiercigroch.pl\/blog\/wp-json\/wp\/v2\/pages\/138"}],"wp:attachment":[{"href":"https:\/\/wiercigroch.pl\/blog\/wp-json\/wp\/v2\/media?parent=143"}],"curies":[{"name":"wp","href":"https:\/\/api.w.org\/{rel}","templated":true}]}}