{"id":2,"date":"2023-03-01T15:18:01","date_gmt":"2023-03-01T14:18:01","guid":{"rendered":"https:\/\/wiercigroch.pl\/blog\/?page_id=2"},"modified":"2023-04-05T10:46:19","modified_gmt":"2023-04-05T08:46:19","slug":"koronagorpolski","status":"publish","type":"page","link":"https:\/\/wiercigroch.pl\/blog\/koronagorpolski\/","title":{"rendered":"Korona G\u00f3r Polski KGP"},"content":{"rendered":"\n<blockquote class=\"wp-block-quote is-layout-flow wp-block-quote-is-layout-flow\">\n<p class=\"has-text-align-center\">Koncepcja zosta\u0142a przedstawiona w 1997 r. przez\u00a0Marka Wi\u0119ckowskiego\u00a0i Wojciecha Lewandowskiego w czerwcowym numerze czasopisma \u201ePoznaj sw\u00f3j kraj\u201d. Pocz\u0105tkowo lista szczyt\u00f3w zawiera\u0142a 27 pozycji. Nie uwzgl\u0119dniono\u00a0Masywu \u015al\u0119\u017cy, jako reprezentacj\u0119\u00a0G\u00f3r Bialskich\u00a0podano\u00a0Postawn\u0105, a\u00a0Pienin\u00a0Trzy Korony\u00a0(z zaznaczeniem, \u017ce wzi\u0119to pod uwag\u0119 jedynie\u00a0Pieniny W\u0142a\u015bciwe, bez\u00a0Ma\u0142ych Pienin).<\/p>\n<\/blockquote>\n\n\n\n<p>Aktualnie lista zawiera 28 szczyt\u00f3w:<\/p>\n\n\n\n<figure class=\"wp-block-table\"><table><tbody><tr><td><strong>LP<\/strong><\/td><td><strong>PASMO<\/strong><\/td><td><strong>NAZWA<\/strong><\/td><td><strong>WYSOKO\u015a\u0106<\/strong><br><strong>(m n.p.m.)<\/strong><\/td><\/tr><tr><td>1<\/td><td>G\u00f3ry \u015awi\u0119tokrzyskie<\/td><td><strong>\u0141ysica<\/strong><\/td><td>612<\/td><\/tr><tr><td>2<\/td><td>Masyw \u015al\u0119\u017cy (Przedg\u00f3rze Sudeckie)<\/td><td><strong>\u015al\u0119\u017ca<\/strong><\/td><td>718<\/td><\/tr><tr><td>3<\/td><td>G\u00f3ry Kaczawskie<\/td><td><strong>Skopiec<\/strong><\/td><td>724<\/td><\/tr><tr><td>4<\/td><td>G\u00f3ry Bardzkie<\/td><td><strong>K\u0142odzka G\u00f3ra<\/strong><\/td><td>765<\/td><\/tr><tr><td>5<\/td><td>G\u00f3ry Wa\u0142brzyskie<\/td><td><strong>Che\u0142miec<\/strong><\/td><td>869<\/td><\/tr><tr><td>6<\/td><td>G\u00f3ry Opawskie<\/td><td><strong>Biskupia Kopa<\/strong><\/td><td>889<\/td><\/tr><tr><td>7<\/td><td>Beskid Makowski<\/td><td><strong>Lubomir<\/strong><\/td><td>912<\/td><\/tr><tr><td>8<\/td><td>G\u00f3ry Sto\u0142owe<\/td><td><strong>Szczeliniec Wielki<\/strong><\/td><td>919<\/td><\/tr><tr><td>9<\/td><td>Beskid Ma\u0142y<\/td><td><strong>Czupel<\/strong><\/td><td>934<\/td><\/tr><tr><td>10<\/td><td>G\u00f3ry Kamienne<\/td><td><strong>Walig\u00f3ra<\/strong><\/td><td>936<\/td><\/tr><tr><td>11<\/td><td>Rudawy Janowickie<\/td><td><strong>Skalnik<\/strong><\/td><td>945<\/td><\/tr><tr><td>12<\/td><td>G\u00f3ry Bystrzyckie<\/td><td><strong>Jagodna<\/strong><\/td><td>977<\/td><\/tr><tr><td>13<\/td><td>G\u00f3ry Z\u0142ote<\/td><td><strong>Kowad\u0142o<\/strong><\/td><td>989<\/td><\/tr><tr><td>14<\/td><td>Beskid Niski<\/td><td><strong>Lackowa<\/strong><\/td><td>997<\/td><\/tr><tr><td>15<\/td><td>G\u00f3ry Sowie<\/td><td><strong>Wielka Sowa<\/strong><\/td><td>1015<\/td><\/tr><tr><td>16<\/td><td>Pieniny<\/td><td><strong>Wysoka<\/strong><\/td><td>1050<\/td><\/tr><tr><td>17<\/td><td>G\u00f3ry Orlickie<\/td><td><strong>Orlica<\/strong><\/td><td>1084<\/td><\/tr><tr><td>18<\/td><td>G\u00f3ry Bialskie<\/td><td><strong>Rudawiec<\/strong><\/td><td>1112<\/td><\/tr><tr><td>19<\/td><td>G\u00f3ry Izerskie<\/td><td><strong>Wysoka Kopa<\/strong><\/td><td>1126<\/td><\/tr><tr><td>20<\/td><td>Beskid Wyspowy<\/td><td><strong>Mogielica<\/strong><\/td><td>1170<\/td><\/tr><tr><td>21<\/td><td>Beskid \u015al\u0105ski<\/td><td><strong>Skrzyczne<\/strong><\/td><td>1257<\/td><\/tr><tr><td>22<\/td><td>Beskid S\u0105decki<\/td><td><strong>Radziejowa<\/strong><\/td><td>1262<\/td><\/tr><tr><td>23<\/td><td>Gorce<\/td><td><strong>Turbacz<\/strong><\/td><td>1310<\/td><\/tr><tr><td>24<\/td><td>Bieszczady<\/td><td><strong>Tarnica<\/strong><\/td><td>1346<\/td><\/tr><tr><td>25<\/td><td>Masyw \u015anie\u017cnika<\/td><td><strong>\u015anie\u017cnik<\/strong><\/td><td>1425<\/td><\/tr><tr><td>26<\/td><td>Karkonosze<\/td><td><strong>\u015anie\u017cka<\/strong><\/td><td>1602<\/td><\/tr><tr><td>27<\/td><td>Beskid \u017bywiecki<\/td><td><strong>Babia G\u00f3ra<\/strong><\/td><td>1725<\/td><\/tr><tr><td>28<\/td><td>Tatry<\/td><td><strong>Rysy<\/strong><\/td><td>2499<\/td><\/tr><\/tbody><\/table><\/figure>\n\n\n\n<p>Weryfikacja zdobytych szczyt\u00f3w opiera si\u0119 na przedstawieniu organowi sprawdzaj\u0105cemu piecz\u0105tki oraz zdj\u0119cia ze szczytu.<\/p>\n\n\n\n<p>Aby u\u0142atwi\u0107 Pa\u0144stwu eksponowanie zdobytych szczyt\u00f3w przygotowali\u015bmy dla Pa\u0144stwa tablic\u0119 na zdj\u0119cia, kt\u00f3r\u0105 mo\u017cna naby\u0107 w naszym sklepie <a href=\"https:\/\/wiercigroch.pl\/menu\/422-korona-gor-polski-w-calosci-z-wysokosciami-szczytow.html\" data-type=\"URL\" data-id=\"https:\/\/wiercigroch.pl\/menu\/422-korona-gor-polski-w-calosci-z-wysokosciami-szczytow.html\">Tablica na zdj\u0119cia Korony G\u00f3r Polski<\/a>.<\/p>\n\n\n\n<p>Tablic\u0119 na zdj\u0119cia mo\u017cna powiesi\u0107 na \u015bcianie co pi\u0119knie udekoruje Pa\u0144stwa dom.<\/p>\n\n\n\n<p><\/p>\n","protected":false},"excerpt":{"rendered":"<p>Koncepcja zosta\u0142a przedstawiona w 1997 r. przez\u00a0Marka Wi\u0119ckowskiego\u00a0i Wojciecha Lewandowskiego w czerwcowym numerze czasopisma \u201ePoznaj sw\u00f3j kraj\u201d. Pocz\u0105tkowo lista szczyt\u00f3w zawiera\u0142a 27 pozycji. Nie uwzgl\u0119dniono\u00a0Masywu \u015al\u0119\u017cy, jako reprezentacj\u0119\u00a0G\u00f3r Bialskich\u00a0podano\u00a0Postawn\u0105, a\u00a0Pienin\u00a0Trzy Korony\u00a0(z zaznaczeniem, \u017ce wzi\u0119to pod uwag\u0119 jedynie\u00a0Pieniny W\u0142a\u015bciwe, bez\u00a0Ma\u0142ych Pienin). Aktualnie lista zawiera 28 szczyt\u00f3w: LP PASMO NAZWA WYSOKO\u015a\u0106(m n.p.m.) 1 G\u00f3ry \u015awi\u0119tokrzyskie \u0141ysica 612 [&hellip;]<\/p>\n","protected":false},"author":1,"featured_media":0,"parent":0,"menu_order":0,"comment_status":"closed","ping_status":"closed","template":"","meta":{"footnotes":""},"class_list":["post-2","page","type-page","status-publish","hentry"],"_links":{"self":[{"href":"https:\/\/wiercigroch.pl\/blog\/wp-json\/wp\/v2\/pages\/2","targetHints":{"allow":["GET"]}}],"collection":[{"href":"https:\/\/wiercigroch.pl\/blog\/wp-json\/wp\/v2\/pages"}],"about":[{"href":"https:\/\/wiercigroch.pl\/blog\/wp-json\/wp\/v2\/types\/page"}],"author":[{"embeddable":true,"href":"https:\/\/wiercigroch.pl\/blog\/wp-json\/wp\/v2\/users\/1"}],"replies":[{"embeddable":true,"href":"https:\/\/wiercigroch.pl\/blog\/wp-json\/wp\/v2\/comments?post=2"}],"version-history":[{"count":6,"href":"https:\/\/wiercigroch.pl\/blog\/wp-json\/wp\/v2\/pages\/2\/revisions"}],"predecessor-version":[{"id":88,"href":"https:\/\/wiercigroch.pl\/blog\/wp-json\/wp\/v2\/pages\/2\/revisions\/88"}],"wp:attachment":[{"href":"https:\/\/wiercigroch.pl\/blog\/wp-json\/wp\/v2\/media?parent=2"}],"curies":[{"name":"wp","href":"https:\/\/api.w.org\/{rel}","templated":true}]}}