{"id":22,"date":"2023-03-01T17:15:55","date_gmt":"2023-03-01T16:15:55","guid":{"rendered":"https:\/\/wiercigroch.pl\/blog\/?page_id=22"},"modified":"2023-03-08T17:50:15","modified_gmt":"2023-03-08T16:50:15","slug":"schroniska-bacowki-i-hotele-gorskie","status":"publish","type":"page","link":"https:\/\/wiercigroch.pl\/blog\/schroniska-bacowki-i-hotele-gorskie\/","title":{"rendered":"Schroniska, bac\u00f3wki i hotele g\u00f3rskie"},"content":{"rendered":"\n<p><\/p>\n\n\n\n<p>W Beskidzie \u015al\u0105skim:<\/p>\n\n\n\n<p>&#8211;<a href=\"https:\/\/wiercigroch.pl\/blog\/schroniska-bacowki-i-hotele-gorskie\/schronisko-pttk-na-stozku\/\" data-type=\"page\" data-id=\"25\">Schronisko PTTK na Sto\u017cku<\/a><\/p>\n\n\n\n<p><a href=\"https:\/\/wiercigroch.pl\/blog\/schroniska-bacowki-i-hotele-gorskie\/schronisko-soszow\/\" data-type=\"page\" data-id=\"32\">-Schronisko &#8222;Sosz\u00f3w&#8221;<\/a><\/p>\n","protected":false},"excerpt":{"rendered":"<p>W Beskidzie \u015al\u0105skim: &#8211;Schronisko PTTK na Sto\u017cku -Schronisko &#8222;Sosz\u00f3w&#8221;<\/p>\n","protected":false},"author":1,"featured_media":0,"parent":0,"menu_order":0,"comment_status":"closed","ping_status":"closed","template":"","meta":{"footnotes":""},"class_list":["post-22","page","type-page","status-publish","hentry"],"_links":{"self":[{"href":"https:\/\/wiercigroch.pl\/blog\/wp-json\/wp\/v2\/pages\/22","targetHints":{"allow":["GET"]}}],"collection":[{"href":"https:\/\/wiercigroch.pl\/blog\/wp-json\/wp\/v2\/pages"}],"about":[{"href":"https:\/\/wiercigroch.pl\/blog\/wp-json\/wp\/v2\/types\/page"}],"author":[{"embeddable":true,"href":"https:\/\/wiercigroch.pl\/blog\/wp-json\/wp\/v2\/users\/1"}],"replies":[{"embeddable":true,"href":"https:\/\/wiercigroch.pl\/blog\/wp-json\/wp\/v2\/comments?post=22"}],"version-history":[{"count":4,"href":"https:\/\/wiercigroch.pl\/blog\/wp-json\/wp\/v2\/pages\/22\/revisions"}],"predecessor-version":[{"id":47,"href":"https:\/\/wiercigroch.pl\/blog\/wp-json\/wp\/v2\/pages\/22\/revisions\/47"}],"wp:attachment":[{"href":"https:\/\/wiercigroch.pl\/blog\/wp-json\/wp\/v2\/media?parent=22"}],"curies":[{"name":"wp","href":"https:\/\/api.w.org\/{rel}","templated":true}]}}