{"id":25,"date":"2023-03-08T17:40:50","date_gmt":"2023-03-08T16:40:50","guid":{"rendered":"https:\/\/wiercigroch.pl\/blog\/?page_id=25"},"modified":"2023-03-09T19:59:50","modified_gmt":"2023-03-09T18:59:50","slug":"schronisko-pttk-na-stozku","status":"publish","type":"page","link":"https:\/\/wiercigroch.pl\/blog\/schroniska-bacowki-i-hotele-gorskie\/schronisko-pttk-na-stozku\/","title":{"rendered":"Schronisko PTTK na Sto\u017cku"},"content":{"rendered":"\n<p>Schronisko na Sto\u017cku to schronisko turystyczne po\u0142o\u017cone na szczycie g\u00f3ry Sto\u017cek w Beskidzie \u015al\u0105skim na wysoko\u015bci 978 m n.p.m. Jest to jedno z najpopularniejszych ostoi w Beskidach, odwiedzane przez turyst\u00f3w przez ca\u0142y rok.<\/p>\n\n\n\n<p>Schronisko na Sto\u017cku wybudowano w latach 1934-1936, a obecny budynek oddano do u\u017cytku w 1972 roku. Schronisko oferuje 60 miejsc noclegowych w pokojach dwuosobowych, trzyosobowych oraz og\u00f3lnodost\u0119pny salonik. W schronisku znajduje si\u0119 restauracja serwuj\u0105ca dania kuchni regionalnej i europejskiej.<\/p>\n\n\n\n<p>Ze schroniska w Sto\u017cku rozpo\u015bciera si\u0119 pi\u0119kny widok na Beskidy i pobliski Beskid \u017bywiecki. W pobli\u017cu przebiega wiele szlak\u00f3w turystycznych, w tym szlaki na poblisk\u0105 Magurk\u0119 Wilkowick\u0105 oraz najwy\u017cszy szczyt Baraniej G\u00f3ry &#8211; Beskidy Zachodnie.<\/p>\n\n\n\n<hr class=\"wp-block-separator has-alpha-channel-opacity\"\/>\n\n\n\n<h2 class=\"wp-block-heading\">Szlaki przechodz\u0105ce przez Sto\u017cek.<\/h2>\n\n\n\n<p>Schronisko na Sto\u017cku to bardzo popularne miejsce w\u015br\u00f3d turyst\u00f3w indywidualnych oraz zorganizowanych grup wycieczkowych.<\/p>\n\n\n\n<p>Sto\u017cek to g\u00f3ra o wysoko\u015bci 978 m n.p.m. po\u0142o\u017cona w Beskidzie \u015al\u0105skim, na granicy mi\u0119dzy Czechami a Polsk\u0105. Przez Sto\u017cek przechodz\u0105 szlaki turystyczne o r\u00f3\u017cnych kolorach, kt\u00f3re s\u0105 popularne w\u015br\u00f3d mi\u0142o\u015bnik\u00f3w g\u00f3rskich w\u0119dr\u00f3wek. Oto opis kolor\u00f3w szlak\u00f3w, kt\u00f3re przechodz\u0105 przez Sto\u017cek:<\/p>\n\n\n\n<ol class=\"wp-block-list\">\n<li>Czerwony &#8211; G\u0142\u00f3wny Szlak Beskidzki &#8211; to jeden z najwa\u017cniejszych szlak\u00f3w turystycznych w Beskidach. Szlak jest oznakowany czerwonym kolorem i przebiega od Ustronia na zachodzie do Wo\u0142osatego na wschodzie. Na odcinku pomi\u0119dzy Prze\u0142\u0119cz\u0105 Kubalonk\u0105 a prze\u0142\u0119cz\u0105 Kociersk\u0105 szlak przechodzi przez Sto\u017cek.<\/li>\n\n\n\n<li>Zielony &#8211; Szlak im. p\u0142k. Jana Szpakowskiego &#8211; to szlak, kt\u00f3ry upami\u0119tnia zas\u0142ugi p\u0142k. Jana Szpakowskiego, \u017co\u0142nierza Armii Krajowej i jednego z przyw\u00f3dc\u00f3w powstania warszawskiego. Szlak jest oznakowany zielonym kolorem i rozpoczyna si\u0119 w Wi\u015ble, prowadz\u0105c na szczyt Sto\u017cka.<\/li>\n\n\n\n<li>\u017b\u00f3\u0142ty &#8211; Szlak Kulturowy im. Juliusza Ligonia &#8211; to szlak, kt\u00f3ry \u0142\u0105czy miejsca zwi\u0105zane z \u017cyciem i tw\u00f3rczo\u015bci\u0105 Juliusza Ligonia, jednego z najwybitniejszych \u015bl\u0105skich pisarzy i publicyst\u00f3w. Szlak jest oznakowany \u017c\u00f3\u0142tym kolorem i przechodzi przez Sto\u017cek, a jego ko\u0144cowym punktem jest Skocz\u00f3w.<\/li>\n\n\n\n<li>Niebieski &#8211; Szlak im. Wincentego Pola &#8211; to szlak, kt\u00f3ry upami\u0119tnia zas\u0142ugi Wincentego Pola, polskiego poety, prozaika i publicysty. Szlak jest oznakowany niebieskim kolorem i prowadzi z Ustronia na Prze\u0142\u0119cz Kubalonk\u0119, a nast\u0119pnie przez Sto\u017cek do Wis\u0142y.<\/li>\n<\/ol>\n\n\n\n<p>To tylko kilka z wielu szlak\u00f3w turystycznych, kt\u00f3re przechodz\u0105 przez Sto\u017cek. Ka\u017cdy z nich oferuje niezapomniane wra\u017cenia i pi\u0119kne widoki na okolic\u0119.<\/p>\n","protected":false},"excerpt":{"rendered":"<p>Schronisko na Sto\u017cku to schronisko turystyczne po\u0142o\u017cone na szczycie g\u00f3ry Sto\u017cek w Beskidzie \u015al\u0105skim na wysoko\u015bci 978 m n.p.m. Jest to jedno z najpopularniejszych ostoi w Beskidach, odwiedzane przez turyst\u00f3w przez ca\u0142y rok. Schronisko na Sto\u017cku wybudowano w latach 1934-1936, a obecny budynek oddano do u\u017cytku w 1972 roku. Schronisko oferuje 60 miejsc noclegowych w [&hellip;]<\/p>\n","protected":false},"author":1,"featured_media":0,"parent":22,"menu_order":0,"comment_status":"closed","ping_status":"closed","template":"","meta":{"footnotes":""},"class_list":["post-25","page","type-page","status-publish","hentry"],"_links":{"self":[{"href":"https:\/\/wiercigroch.pl\/blog\/wp-json\/wp\/v2\/pages\/25","targetHints":{"allow":["GET"]}}],"collection":[{"href":"https:\/\/wiercigroch.pl\/blog\/wp-json\/wp\/v2\/pages"}],"about":[{"href":"https:\/\/wiercigroch.pl\/blog\/wp-json\/wp\/v2\/types\/page"}],"author":[{"embeddable":true,"href":"https:\/\/wiercigroch.pl\/blog\/wp-json\/wp\/v2\/users\/1"}],"replies":[{"embeddable":true,"href":"https:\/\/wiercigroch.pl\/blog\/wp-json\/wp\/v2\/comments?post=25"}],"version-history":[{"count":5,"href":"https:\/\/wiercigroch.pl\/blog\/wp-json\/wp\/v2\/pages\/25\/revisions"}],"predecessor-version":[{"id":57,"href":"https:\/\/wiercigroch.pl\/blog\/wp-json\/wp\/v2\/pages\/25\/revisions\/57"}],"up":[{"embeddable":true,"href":"https:\/\/wiercigroch.pl\/blog\/wp-json\/wp\/v2\/pages\/22"}],"wp:attachment":[{"href":"https:\/\/wiercigroch.pl\/blog\/wp-json\/wp\/v2\/media?parent=25"}],"curies":[{"name":"wp","href":"https:\/\/api.w.org\/{rel}","templated":true}]}}