{"id":32,"date":"2023-03-08T17:39:19","date_gmt":"2023-03-08T16:39:19","guid":{"rendered":"https:\/\/wiercigroch.pl\/blog\/?page_id=32"},"modified":"2023-03-09T20:03:08","modified_gmt":"2023-03-09T19:03:08","slug":"schronisko-soszow","status":"publish","type":"page","link":"https:\/\/wiercigroch.pl\/blog\/schroniska-bacowki-i-hotele-gorskie\/schronisko-soszow\/","title":{"rendered":"Schronisko &#8222;Sosz\u00f3w&#8221;"},"content":{"rendered":"\n<p>Schronisko na Soszowie jest jednym z najstarszych w Beskidzie \u015al\u0105skim i cieszy si\u0119 du\u017cym zainteresowaniem turyst\u00f3w.<\/p>\n\n\n\n<p>Po\u0142o\u017cone jest na po\u0142udniowym stoku Soszowa, na wysoko\u015bci oko\u0142o 700 m n.p.m. Schronisko oferuje 55 miejsc noclegowych w pokojach 2-, 3-, 4- i 5-osobowych oraz \u015bwietlic\u0119. Restauracja w schronisku serwuje tradycyjne dania kuchni g\u00f3ralskiej oraz inne potrawy regionalne.<\/p>\n\n\n\n<p> Ze schroniska w Soszowie rozpo\u015bciera si\u0119 pi\u0119kny widok na Beskidy i pobliskie g\u00f3ry takie jak Czantoria czy Sto zek. W pobli\u017cu przebiega wiele szlak\u00f3w turystycznych przez lasy i g\u00f3rskie polany. Zim\u0105 schronisko w Sosz\u00f3w przyci\u0105ga narciarzy, kt\u00f3rzy preferuj\u0105 pobliskie stoki narciarskie.<\/p>\n\n\n\n<p> Schronisko Sosz\u00f3w to idealne miejsce wypoczynku i relaksu dla turyst\u00f3w, rodzin z dzie\u0107mi oraz mieszka\u0144c\u00f3w Wis\u0142y i Ustronia.<\/p>\n\n\n\n<hr class=\"wp-block-separator has-alpha-channel-opacity\"\/>\n\n\n\n<h2 class=\"wp-block-heading\">Szlaki przechodz\u0105ce przez Sosz\u00f3w.<\/h2>\n\n\n\n<ol class=\"wp-block-list\">\n<li>Czerwony &#8211; G\u0142\u00f3wny Szlak Beskidzki &#8211; to jeden z najwa\u017cniejszych szlak\u00f3w turystycznych w Beskidach. Szlak jest oznakowany czerwonym kolorem i prowadzi przez Sosz\u00f3w w kierunku Czantorii.<\/li>\n\n\n\n<li>Zielony &#8211; Szlak im. p\u0142k. Jana Szpakowskiego &#8211; to szlak, kt\u00f3ry upami\u0119tnia zas\u0142ugi p\u0142k. Jana Szpakowskiego, \u017co\u0142nierza Armii Krajowej i jednego z przyw\u00f3dc\u00f3w powstania warszawskiego. Szlak jest oznakowany zielonym kolorem i przechodzi przez Sosz\u00f3w w kierunku Sto\u017cka.<\/li>\n\n\n\n<li>Niebieski &#8211; Szlak im. Wincentego Pola &#8211; to szlak, kt\u00f3ry upami\u0119tnia zas\u0142ugi Wincentego Pola, polskiego poety, prozaika i publicysty. Szlak jest oznakowany niebieskim kolorem i przechodzi przez Sosz\u00f3w w kierunku Sto\u017cka.<\/li>\n<\/ol>\n\n\n\n<p>To s\u0105 trzy g\u0142\u00f3wne szlaki turystyczne, kt\u00f3re przechodz\u0105 przez Sosz\u00f3w i oferuj\u0105 wspania\u0142e widoki na Beskidy \u015al\u0105skie.<\/p>\n","protected":false},"excerpt":{"rendered":"<p>Schronisko na Soszowie jest jednym z najstarszych w Beskidzie \u015al\u0105skim i cieszy si\u0119 du\u017cym zainteresowaniem turyst\u00f3w. Po\u0142o\u017cone jest na po\u0142udniowym stoku Soszowa, na wysoko\u015bci oko\u0142o 700 m n.p.m. Schronisko oferuje 55 miejsc noclegowych w pokojach 2-, 3-, 4- i 5-osobowych oraz \u015bwietlic\u0119. Restauracja w schronisku serwuje tradycyjne dania kuchni g\u00f3ralskiej oraz inne potrawy regionalne. Ze [&hellip;]<\/p>\n","protected":false},"author":1,"featured_media":0,"parent":22,"menu_order":1,"comment_status":"closed","ping_status":"closed","template":"","meta":{"footnotes":""},"class_list":["post-32","page","type-page","status-publish","hentry"],"_links":{"self":[{"href":"https:\/\/wiercigroch.pl\/blog\/wp-json\/wp\/v2\/pages\/32","targetHints":{"allow":["GET"]}}],"collection":[{"href":"https:\/\/wiercigroch.pl\/blog\/wp-json\/wp\/v2\/pages"}],"about":[{"href":"https:\/\/wiercigroch.pl\/blog\/wp-json\/wp\/v2\/types\/page"}],"author":[{"embeddable":true,"href":"https:\/\/wiercigroch.pl\/blog\/wp-json\/wp\/v2\/users\/1"}],"replies":[{"embeddable":true,"href":"https:\/\/wiercigroch.pl\/blog\/wp-json\/wp\/v2\/comments?post=32"}],"version-history":[{"count":4,"href":"https:\/\/wiercigroch.pl\/blog\/wp-json\/wp\/v2\/pages\/32\/revisions"}],"predecessor-version":[{"id":59,"href":"https:\/\/wiercigroch.pl\/blog\/wp-json\/wp\/v2\/pages\/32\/revisions\/59"}],"up":[{"embeddable":true,"href":"https:\/\/wiercigroch.pl\/blog\/wp-json\/wp\/v2\/pages\/22"}],"wp:attachment":[{"href":"https:\/\/wiercigroch.pl\/blog\/wp-json\/wp\/v2\/media?parent=32"}],"curies":[{"name":"wp","href":"https:\/\/api.w.org\/{rel}","templated":true}]}}