{"id":82,"date":"2023-04-06T11:44:53","date_gmt":"2023-04-06T09:44:53","guid":{"rendered":"https:\/\/wiercigroch.pl\/blog\/?page_id=82"},"modified":"2023-04-06T11:44:53","modified_gmt":"2023-04-06T09:44:53","slug":"sudeckie-pasma-gorskie-w-polsce","status":"publish","type":"page","link":"https:\/\/wiercigroch.pl\/blog\/sudeckie-pasma-gorskie-w-polsce\/","title":{"rendered":"Sudeckie pasma g\u00f3rskie w Polsce."},"content":{"rendered":"\n<p>\u00b7 Karkonosze &#8211; najwy\u017cszym szczytem jest \u015anie\u017cka (1603 m n.p.m.)<\/p>\n\n\n\n<p>\u00b7 G\u00f3ry Izerskie &#8211; najwy\u017cszym szczytem jest Wysoka Kopa (1126 m n.p.m.)<\/p>\n\n\n\n<p>\u00b7 G\u00f3ry Kaczawskie &#8211; najwy\u017cszym szczytem jest Skopiec (724 m n.p.m.)<\/p>\n\n\n\n<p>\u00b7 Rudawy Janowickie &#8211; najwy\u017cszym szczytem jest Skalnik (945 m n.p.m.)<\/p>\n\n\n\n<p>\u00b7 G\u00f3ry Wa\u0142brzyskie &#8211; najwy\u017cszym szczytem jest Borowa (853 m n.p.m.)<\/p>\n\n\n\n<p>\u00b7 G\u00f3ry Kamienne &#8211; najwy\u017cszym szczytem jest Walig\u00f3ra (936 m n.p.m.)<\/p>\n\n\n\n<p>\u00b7 G\u00f3ry Sowie &#8211; najwy\u017cszym szczytem jest Wielka Sowa (1015 m n.p.m.)<\/p>\n\n\n\n<p>\u00b7 G\u00f3ry Bardzkie &#8211; najwy\u017cszym szczytem jest Szeroka G\u00f3ra (765 m n.p.m.)<\/p>\n\n\n\n<p>\u00b7 G\u00f3ry Sto\u0142owe &#8211; najwy\u017cszym szczytem jest Szczeliniec Wielki (919 m n.p.m.)<\/p>\n\n\n\n<p>\u00b7 G\u00f3ry Bystrzyckie &#8211; najwy\u017cszym szczytem jest Sasanka (985 m n.p.m.)<\/p>\n\n\n\n<p>\u00b7 G\u00f3ry Orlickie &#8211; najwy\u017cszym szczytem jest Orlica (1084 m n.p.m.).<\/p>\n\n\n\n<p>\u00b7 Masyw \u015anie\u017cnika &#8211; najwy\u017cszym szczytem jest \u015anie\u017cnik (1425 m n.p.m.)<\/p>\n\n\n\n<p>\u00b7 G\u00f3ry Bialskie<\/p>\n\n\n\n<p>\u00b7 G\u00f3ry Z\u0142ote<\/p>\n\n\n\n<p>\u00b7 G\u00f3ry Opawskie &#8211; najwy\u017cszym szczytem jest Biskupia Kopa (890 m n.p.m.)<\/p>\n","protected":false},"excerpt":{"rendered":"<p>\u00b7 Karkonosze &#8211; najwy\u017cszym szczytem jest \u015anie\u017cka (1603 m n.p.m.) \u00b7 G\u00f3ry Izerskie &#8211; najwy\u017cszym szczytem jest Wysoka Kopa (1126 m n.p.m.) \u00b7 G\u00f3ry Kaczawskie &#8211; najwy\u017cszym szczytem jest Skopiec (724 m n.p.m.) \u00b7 Rudawy Janowickie &#8211; najwy\u017cszym szczytem jest Skalnik (945 m n.p.m.) \u00b7 G\u00f3ry Wa\u0142brzyskie &#8211; najwy\u017cszym szczytem jest Borowa (853 m n.p.m.) [&hellip;]<\/p>\n","protected":false},"author":1,"featured_media":0,"parent":0,"menu_order":0,"comment_status":"closed","ping_status":"closed","template":"","meta":{"footnotes":""},"class_list":["post-82","page","type-page","status-publish","hentry"],"_links":{"self":[{"href":"https:\/\/wiercigroch.pl\/blog\/wp-json\/wp\/v2\/pages\/82","targetHints":{"allow":["GET"]}}],"collection":[{"href":"https:\/\/wiercigroch.pl\/blog\/wp-json\/wp\/v2\/pages"}],"about":[{"href":"https:\/\/wiercigroch.pl\/blog\/wp-json\/wp\/v2\/types\/page"}],"author":[{"embeddable":true,"href":"https:\/\/wiercigroch.pl\/blog\/wp-json\/wp\/v2\/users\/1"}],"replies":[{"embeddable":true,"href":"https:\/\/wiercigroch.pl\/blog\/wp-json\/wp\/v2\/comments?post=82"}],"version-history":[{"count":1,"href":"https:\/\/wiercigroch.pl\/blog\/wp-json\/wp\/v2\/pages\/82\/revisions"}],"predecessor-version":[{"id":83,"href":"https:\/\/wiercigroch.pl\/blog\/wp-json\/wp\/v2\/pages\/82\/revisions\/83"}],"wp:attachment":[{"href":"https:\/\/wiercigroch.pl\/blog\/wp-json\/wp\/v2\/media?parent=82"}],"curies":[{"name":"wp","href":"https:\/\/api.w.org\/{rel}","templated":true}]}}